{"id":16,"date":"2014-08-25T20:47:26","date_gmt":"2014-08-25T20:47:26","guid":{"rendered":"https:\/\/drpeniche.enmerida.net\/?page_id=16"},"modified":"2014-08-25T21:00:16","modified_gmt":"2014-08-25T21:00:16","slug":"fractura-de-femur","status":"publish","type":"page","link":"https:\/\/drpeniche.enmerida.net\/?page_id=16","title":{"rendered":"Fractura de Femur"},"content":{"rendered":"<p>Fractura de f\u00e9mur y retiro de material de osteosintesis.<br \/>\nDefinici\u00f3n<br \/>\nUna fractura femoral es la ruptura del hueso del muslo, llamado f\u00e9mur. El hueso femoral<br \/>\ntambi\u00e9n es conocido como hueso del muslo. Va desde la cadera hasta la rodilla y es el<br \/>\nhueso m\u00e1s largo y fuerte del cuerpo. Por lo general, se requiere de mucha fuerza para<br \/>\nromper el f\u00e9mur.<br \/>\nCausas<br \/>\nNormalmente, una fractura femoral es causada por el traumatismo directo en el hueso.<br \/>\nEl traumatismo incluye:<br \/>\n\u2022Ca\u00eddas<br \/>\n\u2022Golpes<br \/>\n\u2022Colisiones<br \/>\n\u2022Torceduras severas<br \/>\n<strong>Factores de Riesgo<\/strong><br \/>\nUn factor de riesgo es aquello que incrementa las probabilidades de contraer una<br \/>\nenfermedad, afecci\u00f3n o lesi\u00f3n. Los factores de riesgo para una fractura femoral,<br \/>\nincluyen:<br \/>\n\u2022Edad avanzada<br \/>\n\u2022Osteoporosis postmenop\u00e1usicas<br \/>\n\u2022Reducci\u00f3n de la masa muscular<br \/>\n\u2022Algunas enfermedades que debilitan los huesos, tales como: osteoporosis o c\u00e1ncer<br \/>\n\u2022Participaci\u00f3n en ciertos deportes de contacto, como el f\u00fatbol americano<br \/>\nS\u00edntomas<br \/>\nLos s\u00edntomas incluyen:<br \/>\n\u2022Dolor inmediato y severo<br \/>\n\u2022Inflamaci\u00f3n y moretones alrededor del \u00e1rea de la fractura<br \/>\n\u2022Incapacidad para caminar y\/o rango limitado de movimiento en la cadera y rodilla \u2022Deformidad de la pierna, como acortamiento o torceduras anormales en la pierna<br \/>\nlesionada<br \/>\nDiagn\u00f3stico<br \/>\nEl m\u00e9dico le interrogar\u00e1 acerca de sus s\u00edntomas, su actividad f\u00edsica, c\u00f3mo se lastim\u00f3 y<br \/>\nexaminar\u00e1 el \u00e1rea lesionada.<br \/>\nPuede realizarse una o m\u00e1s radiograf\u00edas para revisar una fractura en el hueso. Esta es<br \/>\nun prueba que utiliza radiaci\u00f3n para tomar una imagen de las estructuras internas del<br \/>\ncuerpo, especialmente de los huesos.<br \/>\n<strong>Tratamiento<\/strong><br \/>\nEl tratamiento depender\u00e1 de la severidad de la lesi\u00f3n. El tratamiento incluye:<br \/>\n\u2022Poner las piezas del hueso de vuelta en su lugar, lo cual puede requerir anestesia y\/o<br \/>\ncirug\u00eda<br \/>\n\u2022Mantener juntas las piezas mientras se recupera el hueso<br \/>\nLos aparatos que pueden ser usados para sostener el hueso en su lugar mientras sana<br \/>\nincluyen:<br \/>\n\u2022Una f\u00e9rula &#8211; rara vez usada y s\u00f3lo en pacientes muy j\u00f3venes<br \/>\n\u2022Una placa de metal con tornillos (requiere cirug\u00eda)<br \/>\n\u2022Una varilla directamente en medio del hueso (requiere cirug\u00eda)<br \/>\n\u2022Pernos met\u00e1licos que atraviesan el hueso, con un armaz\u00f3n en la parte exterior de la<br \/>\npierna que sostienen los pernos y el hueso fracturado en su lugar (requiere anestesia<br \/>\ngeneral o anestesia local)<br \/>\nSu doctor ordenar\u00e1 radiograf\u00edas adicionales mientras el hueso sana para asegurarse de<br \/>\nque el hueso no haya cambiado de posici\u00f3n.<br \/>\nEjercicios<br \/>\nCuando su doctor decida que usted est\u00e1 listo, usted comenzar\u00e1 un rango de movimiento<br \/>\nde la cadera y rodilla y ejercicios de reforzamiento para la cadera y muslo. Puede ser<br \/>\ncanalizado a un fisioterapeuta para que lo asista con estos ejercicios. No regrese a<br \/>\npracticar deportes hasta que su pierna haya sanado por completo y la fuerza de su<br \/>\nmuslo haya vuelto a la normalidad.<br \/>\n<strong>Tiempo para Sanar<\/strong><br \/>\nUn f\u00e9mur fracturado es una lesi\u00f3n seria que tarda entre 3-6 meses en sanar. Retiro de material de osteosintesis.<br \/>\nEl retiro de material de osteos\u00edntesis es la cirug\u00eda para quitar dispositivos que se usan<br \/>\npara arreglar sus huesos. Estos dispositivos pueden incluir clavos de metal, tornillos,<br \/>\nplacas, alambres quir\u00fargicos o implantes de hueso. Estos tipos de materiales se colocan<br \/>\npara sujetar y unir de nuevo sus huesos rotos hasta que sanen. Algunos materiales<br \/>\npueden ser usados por un corto periodo de tiempo, mientras que algunos se dejan<br \/>\npermanentemente donde se les coloc\u00f3. El retiro de los materiales generalmente se hace<br \/>\ndebido a problemas causados por el implante, como dolor o infecci\u00f3n. Tambi\u00e9n puede<br \/>\nhacerse cuando el material causa alergia o fractura de hueso. Otros pueden querer que<br \/>\nse les retiren debido a riesgos de c\u00e1ncer o para evitar detecci\u00f3n de metales. Es posible<br \/>\nque los materiales necesiten ser removidos en los ni\u00f1os para prevenir problemas con el<br \/>\ncrecimiento de sus huesos.<\/p>\n","protected":false},"excerpt":{"rendered":"<p>Fractura de f\u00e9mur y retiro de material de osteosintesis. Definici\u00f3n Una fractura femoral es la ruptura del hueso del muslo, llamado f\u00e9mur. El hueso femoral tambi\u00e9n es conocido como hueso del muslo. Va desde la cadera hasta la rodilla y&hellip; <\/p>\n","protected":false},"author":1,"featured_media":24,"parent":0,"menu_order":0,"comment_status":"closed","ping_status":"closed","template":"","meta":{"footnotes":""},"class_list":["post-16","page","type-page","status-publish","has-post-thumbnail","hentry"],"_hostinger_reach_plugin_has_subscription_block":false,"_hostinger_reach_plugin_is_elementor":false,"_links":{"self":[{"href":"https:\/\/drpeniche.enmerida.net\/index.php?rest_route=\/wp\/v2\/pages\/16","targetHints":{"allow":["GET"]}}],"collection":[{"href":"https:\/\/drpeniche.enmerida.net\/index.php?rest_route=\/wp\/v2\/pages"}],"about":[{"href":"https:\/\/drpeniche.enmerida.net\/index.php?rest_route=\/wp\/v2\/types\/page"}],"author":[{"embeddable":true,"href":"https:\/\/drpeniche.enmerida.net\/index.php?rest_route=\/wp\/v2\/users\/1"}],"replies":[{"embeddable":true,"href":"https:\/\/drpeniche.enmerida.net\/index.php?rest_route=%2Fwp%2Fv2%2Fcomments&post=16"}],"version-history":[{"count":1,"href":"https:\/\/drpeniche.enmerida.net\/index.php?rest_route=\/wp\/v2\/pages\/16\/revisions"}],"predecessor-version":[{"id":18,"href":"https:\/\/drpeniche.enmerida.net\/index.php?rest_route=\/wp\/v2\/pages\/16\/revisions\/18"}],"wp:featuredmedia":[{"embeddable":true,"href":"https:\/\/drpeniche.enmerida.net\/index.php?rest_route=\/wp\/v2\/media\/24"}],"wp:attachment":[{"href":"https:\/\/drpeniche.enmerida.net\/index.php?rest_route=%2Fwp%2Fv2%2Fmedia&parent=16"}],"curies":[{"name":"wp","href":"https:\/\/api.w.org\/{rel}","templated":true}]}}