{"id":27,"date":"2014-08-25T20:58:42","date_gmt":"2014-08-25T20:58:42","guid":{"rendered":"https:\/\/drpeniche.enmerida.net\/?page_id=27"},"modified":"2017-08-10T14:05:39","modified_gmt":"2017-08-10T14:05:39","slug":"home","status":"publish","type":"page","link":"https:\/\/drpeniche.enmerida.net\/","title":{"rendered":"Home"},"content":{"rendered":"<h2 class=\"title-definicion\" style=\"color: #000000;\"><a title=\"Definici\u00f3n de ortopedia\" href=\"http:\/\/definicion.de\/ortopedia\/\">DEFINICI\u00d3N DE ORTOPEDIA<\/a><\/h2>\n<div class=\"post-entry\" style=\"color: #000000;\">\n<div id=\"HOTWordsTxt\">\n<p>Antes de entrar de lleno en el an\u00e1lisis del significado del t\u00e9rmino ortopedia, se hace necesario que procedamos a establecer el origen etimol\u00f3gico de la palabra. En concreto, podemos dejar patente que el mismo se encuentra en el griego pues est\u00e1 conformada aquella por la uni\u00f3n de dos vocablos de dicha lengua:\u00a0<em>ortos<\/em>, que puede traducirse como \u201crecto\u201d o \u201cderecho\u201d, y\u00a0<em>pedia<\/em>, que es sin\u00f3nimo de \u201ceducaci\u00f3n corporal\u201d.<\/p>\n<div class=\"adsfstp\"><\/div>\n<p><img loading=\"lazy\" decoding=\"async\" class=\"size-full wp-image-3249\" title=\"Ortopedia\" src=\"http:\/\/definicion.de\/wp-content\/uploads\/2009\/11\/ortopedia.jpg\" alt=\"Ortopedia\" width=\"234\" height=\"146\" \/><\/p>\n<p>La\u00a0<strong>ortopedia<\/strong>\u00a0es la\u00a0<strong>t\u00e9cnica<\/strong>\u00a0que\u00a0<strong>busca corregir o evitar las deformidades del cuerpo humano mediante ejercicios corporales o diversos aparatos<\/strong>. Los aparatos ortop\u00e9dicos son denominados\u00a0<strong>\u00f3rtosis<\/strong>\u00a0u\u00a0<strong>ortesis<\/strong>, y se diferencian de las\u00a0<strong>pr\u00f3tesis<\/strong>\u00a0(que buscan reemplazar de forma artificial alguna parte del\u00a0<strong>cuerpo<\/strong>\u00a0que, por alg\u00fan motivo, falta).<\/p>\n<p>Muchas son las personas que sufren un traumatismo, una enfermedad o una patolog\u00eda de distinta gravedad que requieren acudir a una ortopedia para poder comprar algunos de los productos que en ella se encuentran a la venta. Gracias a ellos podr\u00e1n corregir los problemas de salud que tienen o, por lo menos, reducir los perjuicios que sufren.<\/p>\n<div id=\"adtext\"><\/div>\n<p>En concreto, en cualquier ortopedia se encuentran a la venta desde muletas hasta sillas de ruedas pasando por camas articuladas, arneses, rodilleras\u2026Pero no s\u00f3lo eso. Adem\u00e1s en estos establecimientos sanitarios tambi\u00e9n se encuentran a disposici\u00f3n de los clientes un amplio n\u00famero de art\u00edculos que se usan tanto en hospitales como en centros geri\u00e1tricos para poder hacer la vida m\u00e1s c\u00f3moda y confortable a quienes sufren determinadas enfermedades o da\u00f1os traumatol\u00f3gicos.<\/p>\n<p>En este \u00faltimo caso citado, se hallan a la venta material antiescaras, cinturones para sillas, incorporadores de cama, sillas de ba\u00f1o, asientos para el inodoro\u2026<\/p>\n<p>Se conoce como\u00a0<strong>t\u00e9cnico ortop\u00e9dico<\/strong>\u00a0al especialista que dise\u00f1a, confecciona y toma las medidas necesarias para el desarrollo de \u00f3rtosis y pr\u00f3tesis. La utilizaci\u00f3n de estos aparatos es diagnosticada por los m\u00e9dicos.<\/p>\n<p>Muchas son las entidades a nivel mundial que agrupan a los t\u00e9cnicos ortop\u00e9dicos. En concreto, en Espa\u00f1a existen la CEO (Confederaci\u00f3n Espa\u00f1ola de Ortopedia), la FEDOP (Federaci\u00f3n Espa\u00f1ola de Ortesistas y Protesistas) y la FETOR (Federaci\u00f3n Espa\u00f1ola de T\u00e9cnicos Ortop\u00e9dicos).<\/p>\n<p>La\u00a0<strong>traumatolog\u00eda<\/strong>\u00a0es otro concepto relacionado a la ortopedia. Esta rama de la disciplina se dedica al tratamiento de pacientes con traumatismos, fracturas o deformidades de distinta clase.<\/p>\n<p>La inmovilizaci\u00f3n con f\u00e9rulas, por ejemplo, es una t\u00e9cnica de la traumatolog\u00eda que se remonta a los or\u00edgenes de la\u00a0<strong>medicina<\/strong>. En el\u00a0<strong>siglo X<\/strong>, surgi\u00f3 la implementaci\u00f3n del yeso por impulso de m\u00e9dicos persas. La especializaci\u00f3n de la ortopedia comenz\u00f3 a desarrollarse en el\u00a0<strong>siglo XVIII<\/strong>\u00a0para corregir y prevenir las deformidades.<\/p>\n<p>Se atribuye al\u00a0<strong>Dr. Nicolas Andry de Boisregard<\/strong>\u00a0la creaci\u00f3n del emblema que, a\u00fan hoy, identifica a la ortopedia: un \u00e1rbol torcido que intenta ser corregido mediante una gu\u00eda externa.<\/p>\n<p>El primer instituto ortop\u00e9dico habr\u00eda sido creado por\u00a0<strong>Jean-Andr\u00e9 Venel<\/strong>\u00a0en\u00a0<strong>Suiza<\/strong>\u00a0para el tratamiento de las lesiones esquel\u00e9ticas en ni\u00f1os. Venel, por tal motivo, es considerado el padre de la ortopedia moderna y el inspirador de los centros ortop\u00e9dicos actuales.<\/p>\n<p>Los vendajes, la colocaci\u00f3n de f\u00e9rulas y yesos y las tracciones, en conclusi\u00f3n, forman parte de las actividades de la ortopedia.<\/p>\n<\/div>\n<\/div>\n<p>&nbsp;<\/p>\n<p>&nbsp;<\/p>\n","protected":false},"excerpt":{"rendered":"<p>DEFINICI\u00d3N DE ORTOPEDIA Antes de entrar de lleno en el an\u00e1lisis del significado del t\u00e9rmino ortopedia, se hace necesario que procedamos a establecer el origen etimol\u00f3gico de la palabra. En concreto, podemos dejar patente que el mismo se encuentra en&hellip; <\/p>\n","protected":false},"author":1,"featured_media":0,"parent":0,"menu_order":0,"comment_status":"closed","ping_status":"closed","template":"","meta":{"footnotes":""},"class_list":["post-27","page","type-page","status-publish","hentry"],"_hostinger_reach_plugin_has_subscription_block":false,"_hostinger_reach_plugin_is_elementor":false,"_links":{"self":[{"href":"https:\/\/drpeniche.enmerida.net\/index.php?rest_route=\/wp\/v2\/pages\/27","targetHints":{"allow":["GET"]}}],"collection":[{"href":"https:\/\/drpeniche.enmerida.net\/index.php?rest_route=\/wp\/v2\/pages"}],"about":[{"href":"https:\/\/drpeniche.enmerida.net\/index.php?rest_route=\/wp\/v2\/types\/page"}],"author":[{"embeddable":true,"href":"https:\/\/drpeniche.enmerida.net\/index.php?rest_route=\/wp\/v2\/users\/1"}],"replies":[{"embeddable":true,"href":"https:\/\/drpeniche.enmerida.net\/index.php?rest_route=%2Fwp%2Fv2%2Fcomments&post=27"}],"version-history":[{"count":3,"href":"https:\/\/drpeniche.enmerida.net\/index.php?rest_route=\/wp\/v2\/pages\/27\/revisions"}],"predecessor-version":[{"id":40,"href":"https:\/\/drpeniche.enmerida.net\/index.php?rest_route=\/wp\/v2\/pages\/27\/revisions\/40"}],"wp:attachment":[{"href":"https:\/\/drpeniche.enmerida.net\/index.php?rest_route=%2Fwp%2Fv2%2Fmedia&parent=27"}],"curies":[{"name":"wp","href":"https:\/\/api.w.org\/{rel}","templated":true}]}}