{"id":33,"date":"2014-09-03T23:58:12","date_gmt":"2014-09-03T23:58:12","guid":{"rendered":"https:\/\/drpeniche.enmerida.net\/?page_id=33"},"modified":"2016-08-25T15:09:58","modified_gmt":"2016-08-25T15:09:58","slug":"contacto","status":"publish","type":"page","link":"https:\/\/drpeniche.enmerida.net\/?page_id=33","title":{"rendered":"Contacto"},"content":{"rendered":"<p>&nbsp;<\/p>\n<h2 class=\"Estilo41\" style=\"font-weight: bold; color: #000000; text-align: center;\">SEMIS<br \/>\nCalle35 #526-D x Av. Reforma<br \/>\nTel\u00e9fonos.(999)925 48 89 \/ (999)920 19 15<\/h2>\n<h2 style=\"text-align: center;\"><\/h2>\n<h2 class=\"Estilo41\" style=\"font-weight: bold; color: #000000; text-align: center;\">Centro M\u00e9dico Pensiones consultorio108<br \/>\nCalle 7 #215-A X 32 Y 34 Col. Garc\u00eda Giner\u00e9s.<br \/>\nTel\u00e9fono. (999) 289 75 22<\/h2>\n<h2 style=\"text-align: center;\"><\/h2>\n<h2 class=\"Estilo41\" style=\"font-weight: bold; color: #000000; text-align: center;\">Cel.(044\/45)9991 27 29 72<br \/>\npeniche67@hotmail.com<\/h2>\n<h2 style=\"text-align: center;\"><\/h2>\n","protected":false},"excerpt":{"rendered":"<p>&nbsp; SEMIS Calle35 #526-D x Av. Reforma Tel\u00e9fonos.(999)925 48 89 \/ (999)920 19 15 Centro M\u00e9dico Pensiones consultorio108 Calle 7 #215-A X 32 Y 34 Col. Garc\u00eda Giner\u00e9s. Tel\u00e9fono. (999) 289 75 22 Cel.(044\/45)9991 27 29 72 peniche67@hotmail.com<\/p>\n","protected":false},"author":1,"featured_media":0,"parent":0,"menu_order":0,"comment_status":"closed","ping_status":"closed","template":"","meta":{"footnotes":""},"class_list":["post-33","page","type-page","status-publish","hentry"],"_hostinger_reach_plugin_has_subscription_block":false,"_hostinger_reach_plugin_is_elementor":false,"_links":{"self":[{"href":"https:\/\/drpeniche.enmerida.net\/index.php?rest_route=\/wp\/v2\/pages\/33","targetHints":{"allow":["GET"]}}],"collection":[{"href":"https:\/\/drpeniche.enmerida.net\/index.php?rest_route=\/wp\/v2\/pages"}],"about":[{"href":"https:\/\/drpeniche.enmerida.net\/index.php?rest_route=\/wp\/v2\/types\/page"}],"author":[{"embeddable":true,"href":"https:\/\/drpeniche.enmerida.net\/index.php?rest_route=\/wp\/v2\/users\/1"}],"replies":[{"embeddable":true,"href":"https:\/\/drpeniche.enmerida.net\/index.php?rest_route=%2Fwp%2Fv2%2Fcomments&post=33"}],"version-history":[{"count":4,"href":"https:\/\/drpeniche.enmerida.net\/index.php?rest_route=\/wp\/v2\/pages\/33\/revisions"}],"predecessor-version":[{"id":39,"href":"https:\/\/drpeniche.enmerida.net\/index.php?rest_route=\/wp\/v2\/pages\/33\/revisions\/39"}],"wp:attachment":[{"href":"https:\/\/drpeniche.enmerida.net\/index.php?rest_route=%2Fwp%2Fv2%2Fmedia&parent=33"}],"curies":[{"name":"wp","href":"https:\/\/api.w.org\/{rel}","templated":true}]}}