{"id":6,"date":"2014-08-25T20:34:29","date_gmt":"2014-08-25T20:34:29","guid":{"rendered":"https:\/\/drpeniche.enmerida.net\/?page_id=6"},"modified":"2014-08-25T21:30:26","modified_gmt":"2014-08-25T21:30:26","slug":"hombro","status":"publish","type":"page","link":"https:\/\/drpeniche.enmerida.net\/?page_id=6","title":{"rendered":"Hombro"},"content":{"rendered":"<h3 class=\"section_header\" style=\"color: #00512f;\">\u00bfQu\u00e9 es el hombro?<\/h3>\n<p class=\"body_text\" style=\"color: #595959;\">El hombro est\u00e1 compuesto de varias capas, incluyendo las siguientes:<\/p>\n<div class=\"thumbnail_align_right\" style=\"color: #595959;\"><img decoding=\"async\" class=\"illustration\" src=\"http:\/\/es.uhealthsystem.com\/images\/health-library\/ss_0382.gif\" alt=\"Anatom\u00eda del hombro\" \/><br \/>\n<span class=\"thumbnail_caption\">Clic Imagen para Ampliar<\/span><\/div>\n<ul class=\"double_spaced\" style=\"color: #595959;\">\n<li><span class=\"definition_term\">Huesos<\/span><span class=\"definition_seperator\">\u00a0&#8211;\u00a0<\/span><span class=\"definition_text\">la clav\u00edcula, la esc\u00e1pula (om\u00f3plato) y el h\u00famero.<\/span><\/li>\n<li><span class=\"definition_term\">Articulaciones<\/span><span class=\"definition_seperator\">\u00a0&#8211;\u00a0<\/span><span class=\"definition_text\">facilitan el movimiento e incluyen las siguientes:<\/span>\n<ul class=\"double_spaced\">\n<li>Clav\u00edcula.<\/li>\n<li>Articulaci\u00f3n acromioclavicular (su sigla en ingl\u00e9s es AC), donde la clav\u00edcula se une con el acromi\u00f3n.<\/li>\n<li>Articulaci\u00f3n del hombro (articulaci\u00f3n glenohumeral) &#8211; articulaci\u00f3n esf\u00e9rica que facilita el movimiento del hombro hacia delante, en c\u00edrculo y hacia atr\u00e1s.<\/li>\n<\/ul>\n<\/li>\n<li><span class=\"definition_term\">Ligamentos<\/span><span class=\"definition_seperator\">\u00a0&#8211;\u00a0<\/span><span class=\"definition_text\">bandas de tejido fibroso blanco, brillante y flexible que unen las articulaciones entre s\u00ed y conectan varios huesos y cart\u00edlagos, e incluyen los siguientes:<\/span>\n<ul class=\"double_spaced\">\n<li>C\u00e1psula de la articulaci\u00f3n &#8211; grupo de ligamentos que conectan el h\u00famero con la cavidad de la articulaci\u00f3n del hombro en la esc\u00e1pula para estabilizar el hombro e impedir que se disloque.<\/li>\n<li>Ligamentos que unen la clav\u00edcula con el acromi\u00f3n.<\/li>\n<li>Ligamentos que conectan la clav\u00edcula con la esc\u00e1pula adhiri\u00e9ndose al proceso coracoideo.<\/li>\n<\/ul>\n<\/li>\n<li><span class=\"definition_term\">Acromi\u00f3n<\/span><span class=\"definition_seperator\">\u00a0&#8211;\u00a0<\/span><span class=\"definition_text\">punto m\u00e1s alto del hombro que est\u00e1 formado por una porci\u00f3n de la esc\u00e1pula.<\/span><\/li>\n<li><span class=\"definition_term\">Tendones<\/span><span class=\"definition_seperator\">\u00a0&#8211;\u00a0<\/span><span class=\"definition_text\">cordones resistentes de tejido que conectan los m\u00fasculos con los huesos. Los tendones del manguito rotatorio son un grupo de tendones que conectan la capa m\u00e1s profunda de los m\u00fasculos con el h\u00famero.<\/span><\/li>\n<li><span class=\"definition_term\">M\u00fasculos<\/span>\u00a0<span class=\"definition_text\">(ayudan a sostener y a rotar el hombro en muchas direcciones).<\/span><\/li>\n<li><span class=\"definition_term\">Bursa<\/span><span class=\"definition_seperator\">\u00a0&#8211;\u00a0<\/span><span class=\"definition_text\">espacio cerrado entre dos superficies m\u00f3viles, que cuenta con una peque\u00f1a cantidad de fluido lubricante en su interior, y se encuentra entre la capa muscular del manguito rotatorio y la capa exterior de m\u00fasculos grandes y voluminosos.<\/span><\/li>\n<li><span class=\"definition_term\">Manguito rotatorio<\/span><span class=\"definition_seperator\">\u00a0&#8211;\u00a0<\/span><span class=\"definition_text\">compuesto de tendones, el manguito rotatorio (junto con los m\u00fasculos asociados) mantiene la cabeza de la articulaci\u00f3n glenohumeral en la parte superior del hueso superior del brazo o h\u00famero.<\/span><\/li>\n<\/ul>\n<p class=\"body_text\" style=\"color: #595959;\">El dolor de hombro puede estar situado en una zona determinada o extenderse a otras zonas del hombro o por el brazo.<\/p>\n<h3 class=\"section_header\" style=\"color: #00512f;\">\u00bfCu\u00e1les son algunos de los diferentes tipos de problemas del hombro?<\/h3>\n<p class=\"body_text\" style=\"color: #595959;\">Entre los problemas m\u00e1s frecuentes del hombro se incluyen los siguientes:<\/p>\n<ul class=\"double_spaced\" style=\"color: #595959;\">\n<li><span class=\"list_item\">Dislocaci\u00f3n<\/span><br \/>\nLa articulaci\u00f3n del hombro es, entre las articulaciones m\u00e1s importantes del cuerpo, la que se disloca m\u00e1s frecuentemente, a menudo, a causa de una fuerza grande que separa la cabeza de la articulaci\u00f3n del hombro (la porci\u00f3n superior redondeada del h\u00famero) de la cavidad (glenoide).<\/li>\n<li><span class=\"list_item\">Separaci\u00f3n<\/span><br \/>\nEl hombro se separa cuando los ligamentos adheridos a la clav\u00edcula se desgarran total o parcialmente y se separan de la esc\u00e1pula (om\u00f3plato). La separaci\u00f3n del hombro puede ser el resultado de un golpe repentino y fuerte en el hombro o de una ca\u00edda.<\/li>\n<li><span class=\"list_item\">Bursitis<\/span><br \/>\nLa bursitis aparece con frecuencia cuando una tendinitis o s\u00edndrome de compresi\u00f3n causan inflamaci\u00f3n en las bursas que protegen el hombro.<\/li>\n<li><span class=\"list_item\">S\u00edndrome de compresi\u00f3n<\/span><br \/>\nEl s\u00edndrome de compresi\u00f3n tiene su origen cuando se aprieta o roza excesivamente el manguito rotatorio con la esc\u00e1pula. El dolor asociado con este s\u00edndrome es el resultado de una bursa inflamada (bolsa de l\u00edquido lubricante) en el manguito rotatorio, de una inflamaci\u00f3n en los tendones del manguito rotatorio y, o de la formaci\u00f3n de dep\u00f3sitos de calcio en los tendones debido al uso y desgaste. El s\u00edndrome de compresi\u00f3n del hombro puede llevar a un desgarro en el manguito rotatorio.<\/li>\n<li><span class=\"list_item\">Tendinitis<\/span><br \/>\nLa tendinitis del hombro se produce cuando el tend\u00f3n del manguito rotatorio y\/o el del b\u00edceps se inflaman, por lo general como resultado de estar apretados por las estructuras circundantes. La lesi\u00f3n puede manifestarse como una leve inflamaci\u00f3n e incluso puede llegar a afectar a la mayor parte del manguito rotatorio. Cuando el tend\u00f3n del manguito rotatorio se inflama y engrosa, puede quedar atrapado bajo el acromi\u00f3n.<\/li>\n<li><span class=\"list_item\">Desgarro del manguito rotatorio<\/span><br \/>\nEl desgarro del manguito rotatorio consiste en que uno o m\u00e1s tendones del manguito se inflamen debido al uso excesivo, el envejecimiento, una ca\u00edda sobre la mano extendida o una colisi\u00f3n.<\/li>\n<li><span class=\"list_item\">Capsulitis adhesiva (hombro fijo)<\/span><br \/>\nEl hombro fijo es una condici\u00f3n muy restrictiva, que con frecuencia es el resultado de una lesi\u00f3n que, a su vez, impide usar el hombro a causa del dolor. El uso intermitente del hombro puede provocar inflamaci\u00f3n y la aparici\u00f3n de adherencias entre las superficies de la articulaci\u00f3n, que restringen el movimiento. Tambi\u00e9n se advierte una falta de l\u00edquido sinovial para lubricar el espacio entre el h\u00famero y la cavidad, el cual normalmente facilita el movimiento de la articulaci\u00f3n del hombro. El espacio limitado entre la c\u00e1psula y la cabeza del h\u00famero es lo que distingue la capsulitis adhersiva de otra condici\u00f3n menos complicada denominada hombro r\u00edgido.<\/li>\n<li><span class=\"list_item\">Fractura<\/span><br \/>\nUna fractura es una ruptura total o parcial de un hueso que, a menudo, se debe a una lesi\u00f3n por impacto.<\/li>\n<\/ul>\n<h3 class=\"section_header\" style=\"color: #00512f;\">\u00bfQu\u00e9 causa los problemas del hombro?<\/h3>\n<p class=\"body_text\" style=\"color: #595959;\">Si bien el hombro es la articulaci\u00f3n con mayor movilidad del cuerpo, es tambi\u00e9n la m\u00e1s inestable debido a su amplio arco de movilidad. Como la cabeza del h\u00famero es m\u00e1s grande que la cavidad del hombro, es muy susceptible de lesionarse. La articulaci\u00f3n del hombro tambi\u00e9n debe estar sostenida por tejidos blandos (m\u00fasculos, tendones y ligamentos), que tambi\u00e9n pueden ser objeto de lesiones, uso excesivo o insuficiente.<\/p>\n<p class=\"body_text\" style=\"color: #595959;\">Otras enfermedades y condiciones degenerativas del cuerpo pueden contribuir tambi\u00e9n a los problemas del hombro o generar dolor que se transmite por los nervios hacia el hombro.<\/p>\n<h3 class=\"section_header\" style=\"color: #00512f;\">\u00bfC\u00f3mo se diagnostican los problemas del hombro?<\/h3>\n<p class=\"body_text\" style=\"color: #595959;\">Adem\u00e1s del examen y la historia m\u00e9dica completa (para determinar el arco de movilidad, la ubicaci\u00f3n del dolor y el grado de estabilidad o inestabilidad de la articulaci\u00f3n) los procedimientos para diagnosticar los problemas del hombro pueden incluir los siguientes:<\/p>\n<ul class=\"double_spaced\" style=\"color: #595959;\">\n<li><span class=\"definition_term\">Rayos X<\/span><span class=\"definition_seperator\">\u00a0&#8211;\u00a0<\/span><span class=\"definition_text\">examen de diagn\u00f3stico que utiliza rayos invisibles de energ\u00eda electromagn\u00e9tica para producir im\u00e1genes de los tejidos internos, los huesos y los \u00f3rganos en una placa.<\/span><\/li>\n<li><span class=\"definition_term\">Artrograf\u00eda<\/span><span class=\"definition_seperator\">\u00a0&#8211;\u00a0<\/span><span class=\"definition_text\">examen que consiste en inyectar un tinte de contraste en la articulaci\u00f3n del hombro y tomar placas de rayos X para delimitar las estructuras del hombro. Cuando el l\u00edquido penetra en un \u00e1rea donde normalmente no corresponde, debe considerarse la posibilidad de una enfermedad o lesi\u00f3n, dado que es evidencia de una ruptura, abertura o bloqueo.<\/span><\/li>\n<li><span class=\"definition_term\">Im\u00e1genes por Resonancia Magn\u00e9tica (su sigla en ingl\u00e9s es MRI)<\/span><span class=\"definition_seperator\">\u00a0&#8211;\u00a0<\/span><span class=\"definition_text\">procedimiento de diagn\u00f3stico que utiliza una combinaci\u00f3n de imanes grandes, radiofrecuencias y una computadora para producir im\u00e1genes detalladas de los \u00f3rganos y estructuras dentro del cuerpo. Puede detectar a menudo da\u00f1os o enfermedades en un ligamento o m\u00fasculo circundante.<\/span><\/li>\n<li><span class=\"definition_term\">Tomograf\u00eda computarizada (Tambi\u00e9n llamada esc\u00e1ner CT o CAT.)<\/span><span class=\"definition_seperator\">\u00a0&#8211;\u00a0<\/span><span class=\"definition_text\">procedimiento de diagn\u00f3stico por imagen que utiliza una combinaci\u00f3n de rayos X y tecnolog\u00eda computarizada para obtener im\u00e1genes de cortes transversales (a menudo llamadas \u00abrebanadas\u00bb) del cuerpo, tanto horizontales como verticales. Una tomograf\u00eda computarizada muestra im\u00e1genes detalladas de cualquier parte del cuerpo, incluyendo los huesos, los m\u00fasculos, la grasa y los \u00f3rganos. La tomograf\u00eda computarizada muestra m\u00e1s detalles que los rayos X regulares.<\/span><\/li>\n<li><span class=\"definition_term\">Electromiograma (su sigla en ingl\u00e9s es EMG)<\/span><span class=\"definition_seperator\">\u00a0&#8211;\u00a0<\/span><span class=\"definition_text\">examen para evaluar la funci\u00f3n muscular y nerviosa.<\/span><\/li>\n<li><span class=\"definition_term\">Ecograf\u00eda<\/span><span class=\"definition_seperator\">\u00a0&#8211;\u00a0<\/span><span class=\"definition_text\">t\u00e9cnica de diagn\u00f3stico que utiliza ondas sonoras de alta frecuencia para crear im\u00e1genes de los \u00f3rganos internos.<\/span><\/li>\n<li><span class=\"definition_term\">Ex\u00e1menes de laboratorio<\/span>\u00a0<span class=\"definition_text\">(para determinar si otros problemas pueden ser la causa).<\/span><\/li>\n<li><span class=\"definition_term\">Artroscopia<\/span><span class=\"definition_seperator\">\u00a0&#8211;\u00a0<\/span><span class=\"definition_text\">procedimiento de diagn\u00f3stico y tratamiento de invasi\u00f3n m\u00ednima que se utiliza en las afecciones de las articulaciones. En este procedimiento se emplea un peque\u00f1o tubo \u00f3ptico iluminado (artroscopio), que se inserta en la articulaci\u00f3n a trav\u00e9s de una peque\u00f1a incisi\u00f3n practicada en ella. Las im\u00e1genes del interior de la articulaci\u00f3n se proyectan en una pantalla y se utilizan para evaluar cualquier cambio degenerativo y, o artr\u00edtico en la articulaci\u00f3n, para detectar enfermedades y tumores de los huesos, y para determinar las causas de la inflamaci\u00f3n o del dolor de huesos.<\/span><\/li>\n<\/ul>\n<h3 class=\"section_header\" style=\"color: #00512f;\">Tratamiento de los problemas del hombro:<\/h3>\n<p class=\"body_text\" style=\"color: #595959;\">El tratamiento espec\u00edfico de los problemas del hombro ser\u00e1 determinado por su m\u00e9dico bas\u00e1ndose en lo siguiente:<\/p>\n<ul class=\"single_spaced\" style=\"color: #595959;\">\n<li>Su edad, su estado general de salud y su historia m\u00e9dica.<\/li>\n<li>Qu\u00e9 tan avanzada est\u00e1 la condici\u00f3n.<\/li>\n<li>Su tolerancia a determinados medicamentos, procedimientos o terapias.<\/li>\n<li>Sus expectativas para la trayectoria de la condici\u00f3n.<\/li>\n<li>Su opini\u00f3n o preferencia.<\/li>\n<\/ul>\n<p class=\"body_text\" style=\"color: #595959;\">El tratamiento puede incluir lo siguiente:<\/p>\n<ul class=\"single_spaced\" style=\"color: #595959;\">\n<li>Modificaci\u00f3n de la actividad.<\/li>\n<li>Reposo.<\/li>\n<li>Fisioterapia.<\/li>\n<li>Medicamentos.<\/li>\n<li>Cirug\u00eda.<\/li>\n<\/ul>\n","protected":false},"excerpt":{"rendered":"<p>\u00bfQu\u00e9 es el hombro? El hombro est\u00e1 compuesto de varias capas, incluyendo las siguientes: Clic Imagen para Ampliar Huesos\u00a0&#8211;\u00a0la clav\u00edcula, la esc\u00e1pula (om\u00f3plato) y el h\u00famero. Articulaciones\u00a0&#8211;\u00a0facilitan el movimiento e incluyen las siguientes: Clav\u00edcula. Articulaci\u00f3n acromioclavicular (su sigla en ingl\u00e9s&hellip; <\/p>\n","protected":false},"author":1,"featured_media":25,"parent":0,"menu_order":0,"comment_status":"closed","ping_status":"closed","template":"","meta":{"footnotes":""},"class_list":["post-6","page","type-page","status-publish","has-post-thumbnail","hentry"],"_hostinger_reach_plugin_has_subscription_block":false,"_hostinger_reach_plugin_is_elementor":false,"_links":{"self":[{"href":"https:\/\/drpeniche.enmerida.net\/index.php?rest_route=\/wp\/v2\/pages\/6","targetHints":{"allow":["GET"]}}],"collection":[{"href":"https:\/\/drpeniche.enmerida.net\/index.php?rest_route=\/wp\/v2\/pages"}],"about":[{"href":"https:\/\/drpeniche.enmerida.net\/index.php?rest_route=\/wp\/v2\/types\/page"}],"author":[{"embeddable":true,"href":"https:\/\/drpeniche.enmerida.net\/index.php?rest_route=\/wp\/v2\/users\/1"}],"replies":[{"embeddable":true,"href":"https:\/\/drpeniche.enmerida.net\/index.php?rest_route=%2Fwp%2Fv2%2Fcomments&post=6"}],"version-history":[{"count":2,"href":"https:\/\/drpeniche.enmerida.net\/index.php?rest_route=\/wp\/v2\/pages\/6\/revisions"}],"predecessor-version":[{"id":14,"href":"https:\/\/drpeniche.enmerida.net\/index.php?rest_route=\/wp\/v2\/pages\/6\/revisions\/14"}],"wp:featuredmedia":[{"embeddable":true,"href":"https:\/\/drpeniche.enmerida.net\/index.php?rest_route=\/wp\/v2\/media\/25"}],"wp:attachment":[{"href":"https:\/\/drpeniche.enmerida.net\/index.php?rest_route=%2Fwp%2Fv2%2Fmedia&parent=6"}],"curies":[{"name":"wp","href":"https:\/\/api.w.org\/{rel}","templated":true}]}}