{"id":9,"date":"2014-08-25T20:38:20","date_gmt":"2014-08-25T20:38:20","guid":{"rendered":"https:\/\/drpeniche.enmerida.net\/?page_id=9"},"modified":"2014-08-25T21:30:41","modified_gmt":"2014-08-25T21:30:41","slug":"rodilla","status":"publish","type":"page","link":"https:\/\/drpeniche.enmerida.net\/?page_id=9","title":{"rendered":"Rodilla"},"content":{"rendered":"<h2 class=\"page_title\" style=\"color: #00512f;\">Lesiones de los Ligamentos de la Rodilla<\/h2>\n<h3 class=\"section_header\" style=\"color: #00512f;\">\u00bfQu\u00e9 son los ligamentos de la rodilla?<\/h3>\n<p class=\"body_text\" style=\"color: #595959;\">Existen cuatro ligamentos principales en la rodilla. Los ligamentos son bandas de tejido el\u00e1stico que conectan los huesos entre s\u00ed y proporcionan estabilidad y resistencia a la articulaci\u00f3n. Los cuatro ligamentos principales de la rodilla conectan el f\u00e9mur (hueso del muslo) con la tibia (hueso de la espinilla) e incluyen los siguientes:<\/p>\n<div class=\"thumbnail_align_right\" style=\"color: #595959;\"><img decoding=\"async\" class=\"illustration\" src=\"http:\/\/es.uhealthsystem.com\/images\/health-library\/ss_0277.gif\" alt=\"Anatom\u00eda de la articulaci\u00f3n de la rodilla, mostrando los ligamentos\" \/><br \/>\n<span class=\"thumbnail_caption\">Clic Imagen para Ampliar<\/span><\/div>\n<ul class=\"double_spaced\" style=\"color: #595959;\">\n<li><span class=\"definition_term\">Ligamento anterior cruciforme (su sigla en ingl\u00e9s es ACL)<\/span><span class=\"definition_seperator\">\u00a0&#8211;\u00a0<\/span><span class=\"definition_text\">ligamento, localizado en el centro de la rodilla, que controla los movimientos de rotaci\u00f3n y hacia delante de la tibia (hueso de la espinilla).<\/span><\/li>\n<li><span class=\"definition_term\">Ligamento posterior cruciforme (su sigla en ingl\u00e9s es PCL)<\/span><span class=\"definition_seperator\">\u00a0&#8211;\u00a0<\/span><span class=\"definition_text\">ligamento, localizado en la parte posterior de la rodilla, que controla el movimiento hacia atr\u00e1s de la tibia (hueso de la espinilla).<\/span><\/li>\n<li><span class=\"definition_term\">Ligamento colateral mediano (su sigla en ingl\u00e9s es MCL)<\/span><span class=\"definition_seperator\">\u00a0&#8211;\u00a0<\/span><span class=\"definition_text\">ligamento que proporciona estabilidad al interior de la rodilla.<\/span><\/li>\n<li><span class=\"definition_term\">Ligamento colateral lateral (su sigla en ingl\u00e9s es LCL)<\/span><span class=\"definition_seperator\">\u00a0&#8211;\u00a0<\/span><span class=\"definition_text\">ligamento que proporciona estabilidad a la rodilla externa.<\/span><\/li>\n<\/ul>\n<h3 class=\"section_header\" style=\"color: #00512f;\">\u00bfC\u00f3mo se lesionan los ligamentos cruciformes?<\/h3>\n<p class=\"body_text\" style=\"color: #595959;\">El ligamento cruciforme anterior (su sigla en ingl\u00e9s es ACL) es uno de los\u00a0ligamento\u00a0que se lesiona con m\u00e1s frecuencia. A menudo, el ACL se estira y, o desgarra durante un movimiento de torsi\u00f3n repentino (cuando los pies quedan mirando hacia un lado, pero las rodillas giran en sentido opuesto). El esqu\u00ed, el baloncesto y el f\u00fatbol son deportes con alto riesgo de lesiones del ACL.<\/p>\n<p class=\"body_text\" style=\"color: #595959;\">Tambi\u00e9n son bastante comunes las lesiones en el ligamento cruciforme posterior (PCL) de la rodilla. Sin embargo, las lesiones del PCL por lo general son el resultado de impactos directos y repentinos, por ejemplo, un accidente de autom\u00f3vil o un tackle durante un partido de f\u00fatbol americano.<\/p>\n<h3 class=\"section_header\" style=\"color: #00512f;\">\u00bfCu\u00e1les son los s\u00edntomas de una lesi\u00f3n del ligamento cruciforme?<\/h3>\n<p class=\"body_text\" style=\"color: #595959;\">A menudo, una lesi\u00f3n del ligamento cruciforme no provoca dolor. En lugar de dolor, la persona puede o\u00edr una especie de chasquido al producirse la lesi\u00f3n, la pierna se le dobla cuando intenta ponerse de pie y se hincha. Sin embargo, cada individuo puede experimentar los s\u00edntomas de una forma diferente.<\/p>\n<p class=\"body_text\" style=\"color: #595959;\">Los s\u00edntomas de una lesi\u00f3n del ligamento cruciforme pueden parecerse a los de otras condiciones o problemas m\u00e9dicos. Siempre consulte a su m\u00e9dico para el diagn\u00f3stico.<\/p>\n<h3 class=\"section_header\" style=\"color: #00512f;\">\u00bfC\u00f3mo se lesionan los ligamentos colaterales?<\/h3>\n<p class=\"body_text\" style=\"color: #595959;\">El ligamento colateral mediano se lesiona con m\u00e1s frecuencia que el colateral lateral. Por lo general, los estiramientos y desgarros de los ligamentos colaterales son el resultado de un golpe en la parte externa de la rodilla, lo que ocurre con frecuencia en los partidos de h\u00f3ckey o f\u00fatbol.<\/p>\n<h3 class=\"section_header\" style=\"color: #00512f;\">\u00bfCu\u00e1les son los s\u00edntomas de una lesi\u00f3n del ligamento colateral?<\/h3>\n<p class=\"body_text\" style=\"color: #595959;\">Tal como sucede con las lesiones del ligamento cruciforme, las del ligamento colateral tambi\u00e9n hacen que la rodilla se salga de su lugar y se doble la pierna provocando dolor e hinchaz\u00f3n.<\/p>\n<p class=\"body_text\" style=\"color: #595959;\">Los s\u00edntomas de una lesi\u00f3n del ligamento colateral pueden parecerse a los de otras condiciones o problemas m\u00e9dicos. Siempre consulte a su m\u00e9dico para el diagn\u00f3stico.<\/p>\n<h3 class=\"section_header\" style=\"color: #00512f;\">\u00bfC\u00f3mo se diagnostica una lesi\u00f3n de un ligamento de la rodilla?<\/h3>\n<p class=\"body_text\" style=\"color: #595959;\">Adem\u00e1s del examen y la historia m\u00e9dica completa, los procedimientos para diagnosticar una lesi\u00f3n de un ligamento de la rodilla pueden incluir los siguientes:<\/p>\n<ul class=\"double_spaced\" style=\"color: #595959;\">\n<li><span class=\"definition_term\">Rayos X<\/span><span class=\"definition_seperator\">\u00a0&#8211;\u00a0<\/span><span class=\"definition_text\">examen de diagn\u00f3stico que usa rayos invisibles de energ\u00eda electromagn\u00e9tica para obtener im\u00e1genes de tejidos internos, huesos y \u00f3rganos en una placa.<\/span><\/li>\n<li><span class=\"definition_term\">Im\u00e1genes por Resonancia Magn\u00e9tica (su sigla en ingl\u00e9s es MRI)<\/span><span class=\"definition_seperator\">\u00a0&#8211;\u00a0<\/span><span class=\"definition_text\">procedimiento de diagn\u00f3stico que utiliza una combinaci\u00f3n de imanes grandes, radiofrecuencias y una computadora para producir im\u00e1genes detalladas de los \u00f3rganos y las estructuras dentro del cuerpo; puede detectar a menudo da\u00f1os o enfermedades en un ligamento o m\u00fasculo circundante.<\/span><\/li>\n<li><span class=\"definition_term\">Tomograf\u00eda computarizada (Tambi\u00e9n llamada esc\u00e1ner CT o CAT.)<\/span><span class=\"definition_seperator\">\u00a0&#8211;\u00a0<\/span><span class=\"definition_text\">procedimiento de diagn\u00f3stico por imagen que utiliza una combinaci\u00f3n de rayos X y tecnolog\u00eda computarizada para producir im\u00e1genes transversales (a menudo llamadas \u00abrebanadas\u00bb) del cuerpo, tanto horizontales como verticales, del cuerpo. Una tomograf\u00eda computarizada muestra im\u00e1genes detalladas de cualquier parte del cuerpo, incluidos los huesos, los m\u00fasculos, la grasa y los \u00f3rganos. La tomograf\u00eda computarizada es m\u00e1s detallada que los rayos X regulares.<\/span><\/li>\n<li><span class=\"definition_term\">Artroscopia<\/span><span class=\"definition_seperator\">\u00a0&#8211;\u00a0<\/span><span class=\"definition_text\">procedimiento de diagn\u00f3stico y tratamiento de invasi\u00f3n m\u00ednima que se utiliza en las condiciones de las articulaciones. En este procedimiento se emplea un peque\u00f1o tubo \u00f3ptico iluminado (artroscopio) que se inserta en la articulaci\u00f3n a trav\u00e9s de una peque\u00f1a incisi\u00f3n practicada en ella. Las im\u00e1genes del interior de la articulaci\u00f3n se proyectan en una pantalla y se utilizan para evaluar cualquier cambio degenerativo y, o artr\u00edtico en la articulaci\u00f3n, para detectar enfermedades y tumores de los huesos y para determinar las causas de la inflamaci\u00f3n o dolor de los huesos.<\/span><\/li>\n<li><span class=\"definition_term\">Esc\u00e1ner por radion\u00faclidos de los huesos<\/span><span class=\"definition_seperator\">\u00a0&#8211;\u00a0<\/span><span class=\"definition_text\">t\u00e9cnica nuclear de diagn\u00f3stico por im\u00e1genes que utiliza una cantidad m\u00ednima de material radioactivo que se inyecta en la corriente sangu\u00ednea del paciente para que sea detectado por un esc\u00e1ner. Este examen muestra el flujo sangu\u00edneo hacia el hueso y la actividad celular dentro de \u00e9l.<\/span><\/li>\n<\/ul>\n<h3 class=\"section_header\" style=\"color: #00512f;\">Tratamiento de las lesiones de ligamentos de la rodilla:<\/h3>\n<p class=\"body_text\" style=\"color: #595959;\">El tratamiento espec\u00edfico de las lesiones de ligamentos de la rodilla ser\u00e1 determinado por su m\u00e9dico bas\u00e1ndose en lo siguiente:<\/p>\n<ul class=\"single_spaced\" style=\"color: #595959;\">\n<li>Su edad, su estado general de salud y su historia m\u00e9dica.<\/li>\n<li>Qu\u00e9 tan avanzada est\u00e1 la lesi\u00f3n.<\/li>\n<li>Su tolerancia a determinados medicamentos, procedimientos o terapias.<\/li>\n<li>Sus expectativas para la trayectoria de la lesi\u00f3n.<\/li>\n<li>Su opini\u00f3n o preferencia.<\/li>\n<\/ul>\n<p class=\"body_text\" style=\"color: #595959;\">El tratamiento puede incluir lo siguiente:<\/p>\n<ul class=\"single_spaced\" style=\"color: #595959;\">\n<li>Medicamentos como el ibuprofeno.<\/li>\n<li>Ejercicios de fortalecimiento muscular.<\/li>\n<li>Protector ortop\u00e9dico para la rodilla (para usar al hacer ejercicio).<\/li>\n<li>Aplicaci\u00f3n de bolsas de hielo (para reducir la inflamaci\u00f3n).<\/li>\n<li>Cirug\u00eda.<\/li>\n<\/ul>\n","protected":false},"excerpt":{"rendered":"<p>Lesiones de los Ligamentos de la Rodilla \u00bfQu\u00e9 son los ligamentos de la rodilla? Existen cuatro ligamentos principales en la rodilla. Los ligamentos son bandas de tejido el\u00e1stico que conectan los huesos entre s\u00ed y proporcionan estabilidad y resistencia a&hellip; <\/p>\n","protected":false},"author":1,"featured_media":26,"parent":0,"menu_order":0,"comment_status":"closed","ping_status":"closed","template":"","meta":{"footnotes":""},"class_list":["post-9","page","type-page","status-publish","has-post-thumbnail","hentry"],"_hostinger_reach_plugin_has_subscription_block":false,"_hostinger_reach_plugin_is_elementor":false,"_links":{"self":[{"href":"https:\/\/drpeniche.enmerida.net\/index.php?rest_route=\/wp\/v2\/pages\/9","targetHints":{"allow":["GET"]}}],"collection":[{"href":"https:\/\/drpeniche.enmerida.net\/index.php?rest_route=\/wp\/v2\/pages"}],"about":[{"href":"https:\/\/drpeniche.enmerida.net\/index.php?rest_route=\/wp\/v2\/types\/page"}],"author":[{"embeddable":true,"href":"https:\/\/drpeniche.enmerida.net\/index.php?rest_route=\/wp\/v2\/users\/1"}],"replies":[{"embeddable":true,"href":"https:\/\/drpeniche.enmerida.net\/index.php?rest_route=%2Fwp%2Fv2%2Fcomments&post=9"}],"version-history":[{"count":1,"href":"https:\/\/drpeniche.enmerida.net\/index.php?rest_route=\/wp\/v2\/pages\/9\/revisions"}],"predecessor-version":[{"id":11,"href":"https:\/\/drpeniche.enmerida.net\/index.php?rest_route=\/wp\/v2\/pages\/9\/revisions\/11"}],"wp:featuredmedia":[{"embeddable":true,"href":"https:\/\/drpeniche.enmerida.net\/index.php?rest_route=\/wp\/v2\/media\/26"}],"wp:attachment":[{"href":"https:\/\/drpeniche.enmerida.net\/index.php?rest_route=%2Fwp%2Fv2%2Fmedia&parent=9"}],"curies":[{"name":"wp","href":"https:\/\/api.w.org\/{rel}","templated":true}]}}